{"id":1217,"date":"2021-12-29T07:04:41","date_gmt":"2021-12-28T22:04:41","guid":{"rendered":"https:\/\/skyjapacana.com\/?page_id=1217"},"modified":"2021-12-29T14:39:48","modified_gmt":"2021-12-29T05:39:48","slug":"%e3%83%9e%e3%83%ab%e3%83%81%e3%83%aa%e3%83%b3%e3%82%ac%e3%83%ab%e3%81%ae%e5%ad%90%e8%82%b2%e3%81%a6%e3%83%bc%e6%81%af%e5%ad%90%e3%81%ae%e9%80%9a%e4%bf%a1%e7%b0%bf","status":"publish","type":"page","link":"https:\/\/skyjapacana.com\/?page_id=1217","title":{"rendered":"\u30de\u30eb\u30c1\u30ea\u30f3\u30ac\u30eb\u306e\u5b50\u80b2\u3066\u30fc\u606f\u5b50\u306e\u901a\u4fe1\u7c3f"},"content":{"rendered":"<p>\u30ab\u30ca\u30c0\u306e\u5b66\u6821\u306f\uff12\u5b66\u671f\u5236\u3067\u3001\uff19\u6708\u304b\u308912\u6708\u304c\u4e00\u5b66\u671f\u30011\u6708\u304b\u30896\u6708\u304c\u4e8c\u5b66\u671f\u3068\u306a\u308a\u307e\u3059\u3002\u6628\u5e74\u306f\u30b3\u30ed\u30ca\u798d\u3067\u5b8c\u5168\u306b\u6388\u696d\u304c\u30aa\u30f3\u30e9\u30a4\u30f3\u3060\u3063\u305f\u306e\u3067\u3001\u521d\u3081\u306f\u3001\u5b66\u6821\u306b\u99b4\u67d3\u3081\u308b\u304b\u5fc3\u914d\u3057\u305f\u306e\u3067\u3059\u304c\u3001\u5168\u304f\u5fc3\u914d\u306a\u3057\u3067\u3057\u305f\u3002\u4e00\u5b66\u671f\u306f\u6ca2\u5c71\u306e\u53cb\u9054\u304c\u3067\u304d\u3001\u697d\u3057\u304f\u904e\u3054\u3057\u305f\u3088\u3046\u3067\u3059\u3002\u3067\u3082\u3001\u606f\u5b50\u306f\u3001\u4e00\u5b66\u671f\u306e\u6700\u5f8c\u306e\u767b\u6821\u309212\u670817\u65e5\u306b\u7d42\u3048\u305f\u5f8c\u3001\u4e8c\u5b66\u671f\u306e\u767b\u6821\u65e5\u307e\u3067\u671d\u5bdd\u574a\u3067\u304d\u308b\u306e\u3067\u3046\u308c\u3057\u305d\u3046\u3002\u3055\u3066\u3001\u5b66\u671f\u6700\u5f8c\u3068\u3044\u3046\u3068\u3084\u306f\u308a\u901a\u4fe1\u7c3f\u304c\u6c17\u306b\u306a\u308a\u307e\u3059\u3002\u9031\u306e\u59cb\u3081\u306b\u3001\u5148\u751f\u304b\u3089\u300c\u901a\u77e5\u7c3f\u306f\u30d7\u30ea\u30f3\u30c8\u30a2\u30a6\u30c8\u3057\u307e\u305b\u3093\u300212\u670817\u65e5\u306b\u5b66\u6821\u306e\u30a6\u30a8\u30d6\u30b5\u30a4\u30c8\u306b\u30a2\u30af\u30bb\u30b9\u3057\u3066\u30d1\u30b9\u30ef\u30fc\u30c9\u3092\u5165\u308c\u3066\u95b2\u89a7\u3057\u3066\u4e0b\u3055\u3044\u3002\u300d\u3001\u3068\u3044\u3046\u6307\u793a\u306e\u30e1\u30fc\u30eb\u304c\u6765\u3066\u3044\u307e\u3057\u305f\u3002\u30d1\u30b9\u30ef\u30fc\u30c9\u3092\u53d6\u5f97\u3059\u308b\u306e\u306b\u5c11\u3057\u624b\u9593\u53d6\u3063\u305f\u305f\u3081\u300112\u670817\u65e5\u306e\u591c\u306b\u306a\u3063\u3066\u304b\u3089\u95b2\u89a7\u3059\u308b\u3053\u3068\u306b\u306a\u308a\u307e\u3057\u305f\u3002<\/p>\n<p><img class=\"alignnone size-medium wp-image-1238\" src=\"https:\/\/skyjapacana.com\/wp-content\/uploads\/2021\/12\/IMG_9780-scaled-e1640667207353-300x259.jpg\" alt=\"\" width=\"300\" height=\"259\" srcset=\"https:\/\/skyjapacana.com\/wp-content\/uploads\/2021\/12\/IMG_9780-scaled-e1640667207353-300x259.jpg 300w, https:\/\/skyjapacana.com\/wp-content\/uploads\/2021\/12\/IMG_9780-scaled-e1640667207353-1024x884.jpg 1024w, https:\/\/skyjapacana.com\/wp-content\/uploads\/2021\/12\/IMG_9780-scaled-e1640667207353-768x663.jpg 768w, https:\/\/skyjapacana.com\/wp-content\/uploads\/2021\/12\/IMG_9780-scaled-e1640667207353-1536x1325.jpg 1536w, https:\/\/skyjapacana.com\/wp-content\/uploads\/2021\/12\/IMG_9780-scaled-e1640667207353-2048x1767.jpg 2048w\" sizes=\"(max-width: 300px) 100vw, 300px\" \/><\/p>\n<p>\u3059\u308b\u3068\u3001\u307e\u305a\u306f\u62c5\u4efb\u306e\u5148\u751f\u306e\u30b3\u30e1\u30f3\u30c8\u6b04\u304c\u3042\u308a\u307e\u3059\u3002\u30b0\u30fc\u30b0\u30eb\u3067\u7ffb\u8a33\u3059\u308b\u3068\u4ee5\u4e0b\u306e\u3088\u3046\u306b\u306a\u308a\u307e\u3057\u305f\u3002\u3061\u3087\u3063\u3068\u5909\u306a\u65e5\u672c\u8a9e\u306b\u306a\u308a\u307e\u3057\u305f\u304c\u3001\u3001\u3002<\/p>\n<div class=\"primary-box graybox\"><span class=\"Y2IQFc\" lang=\"ja\">\uff08\u606f\u5b50\u306e\u540d\u524d\uff09\u306f\u4eca\u5e74\u3001\u7d20\u6674\u3089\u3057\u3044\u30b9\u30bf\u30fc\u30c8\u3092\u5207\u308a\u307e\u3057\u305f\u3002\u5f7c\u306f\u771f\u9762\u76ee\u3067\u3084\u308b\u6c17\u304c\u3042\u308a\u3001\u81ea\u5f8b\u7684\u306a\u5b66\u751f\u3067\u3042\u308a\u3001 \u5f7c\u306e\u3001\u975e\u5e38\u306b\u512a\u308c\u305f\u30d5\u30e9\u30f3\u30b9\u8a9e\u306e\u4f7f\u3044\u3053\u306a\u3057\u65b9\u306f\u3001\u30af\u30e9\u30b9\u3092\u6d3b\u6c17\u3065\u3051\u307e\u3059\u3002\u5f7c\u304c\u4ed5\u4e8b\u3092\u3059\u308b\u969b\u306e\u53b3\u683c\u3055\u3068\u3001\u7d44\u7e54\u80fd\u529b\u306b\u611f\u8b1d\u3057\u307e\u3059\u3002\u79c1\u306f\u3001\u5f7c\u304c\u3044\u3064\u3082\u30af\u30e9\u30b9\u30e1\u30fc\u30c8\u3092\u52a9\u3051\u308b\u3053\u3068\u3092\u671f\u5f85\u3067\u304d\u307e\u3059\u3002\u5f7c\u306e \u5b66\u554f\u7684\u77e5\u8b58\u306f\u3001\uff11\u5e74\u751f\u306e\u524d\u5b66\u671f\u306b\u671f\u5f85\u3055\u308c\u308b\u3082\u306e\u3092\u306f\u308b\u304b\u306b\u8d85\u3048\u3066\u3044\u307e\u3059\u3002 \u3053\u306e\u6700\u521d\u306e\u5b66\u671f\u306e\uff08\u606f\u5b50\u306e\u540d\u524d\uff09\u306e\u30cf\u30fc\u30c9\u30ef\u30fc\u30af\u3059\u3079\u3066\u306b\u304a\u3081\u3067\u3068\u3046\u3054\u3056\u3044\u307e\u3059\u3002<\/span><\/div>\n<p>\u5bb6\u3067\u306f\u8a00\u3046\u3053\u3068\u3092\u805e\u304b\u306a\u3044\u606f\u5b50\u3082\u3001\u5b66\u6821\u3067\u306f\u5148\u751f\u306e\u8a00\u3046\u3053\u3068\u3092\u805e\u3044\u3066\u3001\u30af\u30e9\u30b9\u306e\u5f79\u306b\u7acb\u3063\u3066\u3044\u308b\u3088\u3046\u3067\u3059\u3002\u304a\u305d\u3089\u304f\u5148\u751f\u306f\u3001\u751f\u5f92\u306e\u826f\u3044\u3068\u3053\u308d\u3092\u63a2\u3057\u3001\u3067\u304d\u308b\u3060\u3051\u826f\u3044\u3053\u3068\u3092\u66f8\u3053\u3046\u3068\u3057\u3066\u3044\u308b\u306e\u3067\u3057\u3087\u3046\u304c\u3001\u3084\u306f\u308a\u8912\u3081\u3089\u308c\u308b\u3068\u3046\u308c\u3057\u3044\u3067\u3059\u306d\uff01<\/p>\n<p>\u305d\u3057\u3066\u3001\u7d9a\u3044\u3066\u5b66\u79d1\u306e\u8a55\u4fa1\u3002\uff14\u6bb5\u968e\u3067\u3001\u30d5\u30e9\u30f3\u30b9\u8a9e\u3001\u6570\u5b66\u3001\u79d1\u5b66\uff11\u3001\u79d1\u5b66\uff12\u3001\u4f53\u80b2\u3001\u56f3\u5de5\u306e\uff16\u6559\u79d1\u306e\u8a55\u4fa1\u304c\u3055\u308c\u307e\u3059\u3002\u8a73\u3057\u3044\u8a55\u4fa1\u306f\u4ee5\u4e0b\u306e\u901a\u308a\u3067\u3059\u3002\u307e\u305f\u6a5f\u68b0\u7ffb\u8a33\u306a\u306e\u3067\u3061\u3087\u3063\u3068\u5909\u306a\u8a33\u3067\u3059\u306d\u3002<\/p>\n<div class=\"primary-box graybox\">Comp\u00e9tence \u00e9mergente (\u00c9M) : L\u2019\u00e9l\u00e8ve montre une compr\u00e9hension initiale des comp\u00e9tences et des concepts associ\u00e9s \u00e0l\u2019apprentissage attendu.<br \/>\n<span class=\"Y2IQFc\" lang=\"ja\">\u521d\u6b69\u306e\u80fd\u529b\uff08EM\uff09\uff1a\u5b66\u751f\u306f\u3001\u671f\u5f85\u3055\u308c\u308b\u5b66\u7fd2\u306b\u95a2\u9023\u3059\u308b\u30b9\u30ad\u30eb\u3068\u6982\u5ff5\u306e\u6700\u521d\u306e\u7406\u89e3\u3092\u793a\u3057\u307e\u3059\u3002<br \/>\nComp\u00e9tence en voie d\u2019acquisition (VA) : L\u2019\u00e9l\u00e8ve d\u00e9montre une compr\u00e9hension partielle des comp\u00e9tences et desconcepts associ\u00e9s \u00e0 l\u2019apprentissage attendu.<br \/>\n\u90e8\u5206\u7684\u306a\u80fd\u529b\uff08VA\uff09\uff1a\u5b66\u751f\u200b\u200b\u306f\u3001\u671f\u5f85\u3055\u308c\u308b\u5b66\u7fd2\u306b\u95a2\u9023\u3059\u308b\u30b9\u30ad\u30eb\u3068\u6982\u5ff5\u306e\u90e8\u5206\u7684\u306a\u7406\u89e3\u3092\u793a\u3057\u307e\u3059\u3002<br \/>\nComp\u00e9tence ma\u00eetris\u00e9e (MA) : L\u2019\u00e9l\u00e8ve d\u00e9montre une compr\u00e9hension totale des comp\u00e9tences et des concepts associ\u00e9s \u00e0l\u2019apprentissage attendu.<br \/>\n\u719f\u7df4\u3057\u305f\u80fd\u529b\uff08MA\uff09\uff1a\u5b66\u751f\u200b\u200b\u306f\u3001\u671f\u5f85\u3055\u308c\u308b\u5b66\u7fd2\u306b\u95a2\u9023\u3059\u308b\u30b9\u30ad\u30eb\u3068\u6982\u5ff5\u3092\u5b8c\u5168\u306b\u7406\u89e3\u3057\u3066\u3044\u308b\u3053\u3068\u3092\u793a\u3057\u307e\u3059\u3002<br \/>\nComp\u00e9tence approfondie (AP) : L\u2019\u00e9l\u00e8ve d\u00e9montre une compr\u00e9hension approfondie des comp\u00e9tences et des conceptsassoci\u00e9s \u00e0 l\u2019apprentissage attendu<br \/>\n\u8a73\u7d30\u306a\u80fd\u529b\uff08AP\uff09\uff1a\u5b66\u751f\u306f\u3001\u671f\u5f85\u3055\u308c\u308b\u5b66\u7fd2\u306b\u95a2\u9023\u3059\u308b\u30b9\u30ad\u30eb\u3068\u6982\u5ff5\u306e\u5b8c\u5168\u306a\u7406\u89e3\u3092\u793a\u3057\u307e\u3059\u3002<\/span><\/div>\n<p id=\"tw-target-text\" class=\"tw-data-text tw-text-large tw-ta\" dir=\"ltr\" data-placeholder=\"Translation\">\u6b63\u76f4\u3001Comp\u00e9tence ma\u00eetris\u00e9e(MA) \u3068Comp\u00e9tence approfondie(AP) \u306e\u9055\u3044\u304c\u826f\u304f\u308f\u304b\u3089\u306a\u3044\u306e\u3067\u3059\u304c\u3001&#8221;approfondie&#8221;\u306f\u3001\u5fb9\u5e95\u3084\u8a73\u7d30\u3068\u3044\u3046\u610f\u5473\u306e\u3088\u3046\u306a\u306e\u3067\u3001AP\u306f\u5b8c\u5168\u3092\u4e0a\u56de\u308b\u3063\u3066\u3044\u3046\u3053\u3068\uff1f\u3067\u3057\u3087\u3046\u304b\u3002\u3044\u305a\u308c\u306b\u3057\u3066\u3082\u3001\u5168\u6559\u79d1\u3092\u9811\u5f35\u3063\u3066\u3044\u308b\u3088\u3046\u3067\u826f\u304b\u3063\u305f\u3067\u3059\u3002\u305d\u3057\u3066\u3001\u540c\u3058\u65e5\u306b\u65e5\u672c\u8a9e\u5b66\u6821\u304b\u3089\u3082\u901a\u77e5\u7c3f\u3092\u6301\u3063\u3066\u5e30\u3063\u3066\u304d\u307e\u3057\u305f\u3002\u3053\u3061\u3089\u306f\uff13\u6bb5\u968e\u3002\u3007\u304c\u307b\u3068\u3093\u3069\u3067\u3001\u25ce\u304c\u3061\u3089\u307b\u3089\u3002\u3067\u3082\u4f1a\u8a71\u529b\u306b\u3064\u3044\u3066\u306f\u601d\u3063\u305f\u901a\u308a\u25b3\u3002\u3082\u3063\u3068\u65e5\u672c\u8a9e\u306e\u4f1a\u8a71\u306b\u89e6\u308c\u308b\u3088\u3046\u306b\u9811\u5f35\u3063\u3066\u4e0b\u3055\u3044\u3001\u3068\u306e\u3053\u3068\u3002\u8fd1\u6240\u306b\u65e5\u672c\u4eba\u306e\u53cb\u9054\u3082\u3044\u306a\u3044\u3057\u3001\u306a\u304b\u306a\u304b\u96e3\u3057\u3044\u3067\u3059\u304c\u3002\u30ab\u30ca\u30c0\u306b\u5728\u4f4f\u3060\u3057\u3001\u73fe\u5728\u65e5\u672c\u306b\u5e30\u56fd\u3059\u308b\u4e88\u5b9a\u306f\u306a\u3044\u306e\u3067\u3001\u3069\u3046\u3057\u3066\u3082\u512a\u5148\u9806\u4f4d\u306f\u3001\u30d5\u30e9\u30f3\u30b9\u8a9e\u3001\u82f1\u8a9e\u305d\u3057\u3066\u6700\u5f8c\u306b\u65e5\u672c\u8a9e\u3068\u306a\u3063\u3066\u3057\u307e\u3044\u307e\u3059\u3002\u30de\u30eb\u30c1\u30ea\u30f3\u30ac\u30eb\u3068\u3044\u3063\u3066\u30823\u8a00\u8a9e\u304c\u540c\u3058\u3060\u3051\u4f7f\u3044\u3053\u306a\u305b\u308b\u3001\u3044\u3046\u3053\u3068\u306f\u306a\u3055\u305d\u3046\u3067\u3059\u3002\u305d\u308c\u306f2\u30ab\u56fd\u8a9e\u3067\u3082\u305d\u3046\u3067\u3001\u79c1\u3082\u82f1\u8a9e\u304c\u4f38\u3073\u305f\u5206\u3001\u65e5\u672c\u8a9e\u306e\u80fd\u529b\u304c\u8870\u3048\u305f\u3088\u3046\u306a\u6c17\u304c\u3057\u307e\u3059\u3002\u8a71\u304c\u5c11\u3057\u305d\u308c\u307e\u3059\u304c\u3001\u79c1\u306e\u52e4\u52d9\u5148\u306e\u65e5\u672c\u3073\u3044\u304d\u306e\u6559\u6388\uff08\u82f1\u8a9e\u304c\u6bcd\u56fd\u8a9e\u306e\u30ab\u30ca\u30c0\u4eba\uff09\u306f\u3001\u4ee5\u524d\u30e2\u30f3\u30c8\u30ea\u30aa\u30fc\u30eb\uff08\u30d5\u30e9\u30f3\u30b9\u8a9e\u570f\uff09\u306e\u5927\u5b66\u3067\u4ed5\u4e8b\u3057\u3066\u3044\u307e\u3057\u305f\u3002\u3067\u3082\u3001\u30d0\u30f3\u30af\u30fc\u30d0\u30fc\u306b\u6765\u3066\u304b\u3089\u30d5\u30e9\u30f3\u30b9\u8a9e\u3092\u4f7f\u308f\u306a\u3044\u3067\u3088\u304f\u306a\u3063\u305f\u305d\u3046\u3067\u3059\u3002\u305d\u306e\u5206\u3001\u8133\u306e\u5bb9\u91cf\u306b\u4f59\u88d5\u304c\u3067\u304d\u305f\u304b\u3089\u65e5\u672c\u8a9e\u3092\u52c9\u5f37\u3057\u3066\u3044\u308b\u3068\u8a00\u3063\u3066\u3044\u307e\u3057\u305f\u3002\u305d\u3057\u3066\u82f1\u8a9e\u3068\u65e5\u672c\u8a9e\u306f\u5168\u304f\u9055\u3046\u8a00\u8a9e\u306a\u306e\u3067\u3001\u300c\u51c4\u304f\u30c1\u30e3\u30ec\u30f3\u30b8\u3060\u3088\uff01\u300d\u3068\u5b09\u3057\u305d\u3046\u306b\u8a00\u3063\u3066\u3044\u307e\u3057\u305f\u3002\u65e5\u672c\u8a9e\u306e\u7df4\u7fd2\u306e\u305f\u3081\u306b\u3057\u3087\u3063\u3061\u3085\u3046\u79c1\u306e\u5e2d\u306b\u3084\u3063\u3066\u304d\u307e\u3059\u3002\u3044\u305a\u308c\u306b\u3057\u308d\u3001\u8a00\u8a9e\u53d6\u5f97\u306b\u306f\u3001\u3069\u308c\u3060\u3051\u53d6\u5f97\u3057\u305f\u3044\u8a00\u8a9e\u306b\u89e6\u308c\u308b\u304b\u3068\u3044\u3046\u306e\u304c\u91cd\u8981\u3067\u3059\u306d\u3002\u975e\u30cd\u30fc\u30c6\u30a3\u30d6\u306e\u592b\u304b\u3089\u30d5\u30e9\u30f3\u30b9\u8a9e\u3092\u5b66\u3073\u3001\u82f1\u8a9e\u570f\u306e\u30d0\u30f3\u30af\u30fc\u30d0\u30fc\u3067\u3082\u606f\u5b50\u306e\u30d5\u30e9\u30f3\u30b9\u8a9e\u306f\u30d5\u30e9\u30f3\u30b9\u4eba\u306e\u5148\u751f\u306e\u304a\u58a8\u4ed8\u304d\u3002\u305d\u308c\u3092\u8003\u3048\u308b\u3068\u65e5\u672c\u3067\u3082\u3001\u74b0\u5883\u304c\u6574\u3048\u3070\u82f1\u8a9e\u3092\u30de\u30b9\u30bf\u30fc\u3059\u308b\u3068\u8a00\u3046\u3053\u3068\u3082\u53ef\u80fd\u3060\u3068\u3044\u3046\u3053\u3068\u3067\u3059\u306d\u3002\u305d\u308c\u306b\u3057\u3066\u3082\u3001\u65e5\u672c\u8a9e\u304c\u6bcd\u56fd\u8a9e\u306e\u6bcd\u3092\u6301\u3061\u306a\u304c\u3089\u3001\u65e5\u672c\u8a9e\u304c\u4e00\u756a\u82e6\u624b\u3068\u3044\u3046\u306e\u306f\u3084\u3063\u3071\u308a\u6b8b\u5ff5\u3002\u3082\u3046\u5c11\u3057\u529b\u3092\u5165\u308c\u306a\u3051\u308c\u3070\u3001\u3068\u75db\u611f\u3057\u307e\u3057\u305f\u3002<\/p>\n","protected":false},"excerpt":{"rendered":"<p>\u30ab\u30ca\u30c0\u306e\u5b66\u6821\u306f\uff12\u5b66\u671f\u5236\u3067\u3001\uff19\u6708\u304b\u308912\u6708\u304c\u4e00\u5b66\u671f\u30011\u6708\u304b\u30896\u6708\u304c\u4e8c\u5b66\u671f\u3068\u306a\u308a\u307e\u3059\u3002\u6628\u5e74\u306f\u30b3\u30ed\u30ca\u798d\u3067\u5b8c\u5168\u306b\u6388\u696d\u304c\u30aa\u30f3\u30e9\u30a4\u30f3\u3060\u3063\u305f\u306e\u3067\u3001\u521d\u3081\u306f\u3001\u5b66\u6821\u306b\u99b4\u67d3\u3081\u308b\u304b\u5fc3\u914d\u3057\u305f\u306e\u3067\u3059\u304c\u3001\u5168\u304f\u5fc3\u914d\u306a\u3057\u3067\u3057\u305f\u3002\u4e00\u5b66\u671f &#8230; <\/p>\n","protected":false},"author":1,"featured_media":1247,"parent":0,"menu_order":0,"comment_status":"closed","ping_status":"closed","template":"","meta":[],"_links":{"self":[{"href":"https:\/\/skyjapacana.com\/index.php?rest_route=\/wp\/v2\/pages\/1217"}],"collection":[{"href":"https:\/\/skyjapacana.com\/index.php?rest_route=\/wp\/v2\/pages"}],"about":[{"href":"https:\/\/skyjapacana.com\/index.php?rest_route=\/wp\/v2\/types\/page"}],"author":[{"embeddable":true,"href":"https:\/\/skyjapacana.com\/index.php?rest_route=\/wp\/v2\/users\/1"}],"replies":[{"embeddable":true,"href":"https:\/\/skyjapacana.com\/index.php?rest_route=%2Fwp%2Fv2%2Fcomments&post=1217"}],"version-history":[{"count":31,"href":"https:\/\/skyjapacana.com\/index.php?rest_route=\/wp\/v2\/pages\/1217\/revisions"}],"predecessor-version":[{"id":1283,"href":"https:\/\/skyjapacana.com\/index.php?rest_route=\/wp\/v2\/pages\/1217\/revisions\/1283"}],"wp:featuredmedia":[{"embeddable":true,"href":"https:\/\/skyjapacana.com\/index.php?rest_route=\/wp\/v2\/media\/1247"}],"wp:attachment":[{"href":"https:\/\/skyjapacana.com\/index.php?rest_route=%2Fwp%2Fv2%2Fmedia&parent=1217"}],"curies":[{"name":"wp","href":"https:\/\/api.w.org\/{rel}","templated":true}]}}